{"id":3150,"date":"2015-09-21T12:51:39","date_gmt":"2015-09-21T12:51:39","guid":{"rendered":"http:\/\/teinar.is\/?page_id=3150"},"modified":"2025-11-09T03:49:49","modified_gmt":"2025-11-09T03:49:49","slug":"forsida","status":"publish","type":"page","link":"https:\/\/teinar.is\/en\/","title":{"rendered":"Home"},"content":{"rendered":"<div class='grid-row clearfix'><div class='grid-col grid-col-4'><section class='cws-widget'><section class='cws_widget_content'>\n<p style=\"text-align: left;\"><i class='featured_icon f-left icon_frame fa fa-clock-o fa-4x'><\/i>\n<p><strong>Opening hours<\/strong><br \/>Monday to Friday<br \/>8:15 AM &ndash; 4:00 PM (winter)<br \/>8:15 AM &ndash; 12:00 PM (Jun&ndash;Aug)<br \/>except on Fridays until 12:00<\/p>\n<p><img loading=\"lazy\" decoding=\"async\" class=\"alignnone size-full wp-image-3359\" src=\"\/wp-content\/uploads\/2014\/07\/krakkar_400.jpg\" alt=\"krakkar_400\" width=\"400\" height=\"267\" srcset=\"https:\/\/teinar.is\/wp-content\/uploads\/2014\/07\/krakkar_400.jpg 400w, https:\/\/teinar.is\/wp-content\/uploads\/2014\/07\/krakkar_400-768x512.jpg 768w, https:\/\/teinar.is\/wp-content\/uploads\/2014\/07\/krakkar_400-100x66.jpg 100w, https:\/\/teinar.is\/wp-content\/uploads\/2014\/07\/krakkar_400-230x153.jpg 230w\" sizes=\"auto, (max-width: 400px) 100vw, 400px\" \/><\/p>\n<\/section><\/section><\/div><div class='grid-col grid-col-4'><section class='cws-widget'><section class='cws_widget_content'>\n<p style=\"text-align: left;\">\u00a0<\/p>\n<p style=\"text-align: center;\">\n\t\t\t<!-- START Fl\u00e9ttimyndir REVOLUTION SLIDER 6.7.38 --><p class=\"rs-p-wp-fix\"><\/p>\n\t\t\t<rs-module-wrap id=\"rev_slider_3_1_wrapper\" data-source=\"gallery\" style=\"visibility:hidden;background:transparent;padding:0;margin:0px auto;margin-top:0;margin-bottom:0;\">\n\t\t\t\t<rs-module id=\"rev_slider_3_1\" style=\"\" data-version=\"6.7.38\">\n\t\t\t\t\t<rs-slides style=\"overflow: hidden; position: absolute;\">\n\t\t\t\t\t\t<rs-slide style=\"position: absolute;\" data-key=\"rs-10\" data-title=\"Slide\" data-thumb=\"\/\/teinar.is\/wp-content\/uploads\/2019\/03\/Photo-28-02-2019-14-48-54-300x300-100x50.jpg\" data-anim=\"adpr:false;\">\n\t\t\t\t\t\t\t<img decoding=\"async\" src=\"\/\/teinar.is\/wp-content\/plugins\/revslider\/sr6\/assets\/assets\/dummy.png\" alt=\"\" title=\"Photo 28-02-2019, 14 48 54\" width=\"300\" height=\"300\" class=\"rev-slidebg tp-rs-img rs-lazyload\" data-lazyload=\"\/\/teinar.is\/wp-content\/uploads\/2019\/03\/Photo-28-02-2019-14-48-54-300x300.jpg\" data-parallax=\"off\" data-no-retina>\n<!---->\t\t\t\t\t<\/rs-slide>\n\t\t\t\t\t\t<rs-slide style=\"position: absolute;\" data-key=\"rs-13\" data-title=\"Slide\" data-thumb=\"\/\/teinar.is\/wp-content\/uploads\/2018\/01\/Bergur-lagf\u00e6rt-3-3-100x50.jpg\" data-anim=\"adpr:false;\">\n\t\t\t\t\t\t\t<img decoding=\"async\" src=\"\/\/teinar.is\/wp-content\/plugins\/revslider\/sr6\/assets\/assets\/dummy.png\" alt=\"\" title=\"Home\" class=\"rev-slidebg tp-rs-img rs-lazyload\" data-lazyload=\"\/\/teinar.is\/wp-content\/uploads\/2018\/01\/Bergur-lagf\u00e6rt-3-3.jpg\" data-bg=\"p:center bottom;\" data-parallax=\"off\" data-no-retina>\n<!---->\t\t\t\t\t<\/rs-slide>\n\t\t\t\t\t\t<rs-slide style=\"position: absolute;\" data-key=\"rs-16\" data-title=\"Slide\" data-thumb=\"\/\/teinar.is\/wp-content\/uploads\/2018\/01\/BjarkiHafberg-lagf\u00e6rt-2-1024x1024-100x50.jpg\" data-anim=\"adpr:false;\">\n\t\t\t\t\t\t\t<img decoding=\"async\" src=\"\/\/teinar.is\/wp-content\/plugins\/revslider\/sr6\/assets\/assets\/dummy.png\" alt=\"\" title=\"BjarkiHafberg lagf\u00e6rt (2)\" width=\"1024\" height=\"1024\" class=\"rev-slidebg tp-rs-img rs-lazyload\" data-lazyload=\"\/\/teinar.is\/wp-content\/uploads\/2018\/01\/BjarkiHafberg-lagf\u00e6rt-2-1024x1024.jpg\" data-parallax=\"off\" data-no-retina>\n<!---->\t\t\t\t\t<\/rs-slide>\n\t\t\t\t\t\t<rs-slide style=\"position: absolute;\" data-key=\"rs-17\" data-title=\"Slide\" data-thumb=\"\/\/teinar.is\/wp-content\/uploads\/2018\/01\/Axel-lagf\u00e6rt2-1024x1024-100x50.jpg\" data-anim=\"adpr:false;\">\n\t\t\t\t\t\t\t<img decoding=\"async\" src=\"\/\/teinar.is\/wp-content\/plugins\/revslider\/sr6\/assets\/assets\/dummy.png\" alt=\"\" title=\"Axel lagf\u00e6rt2\" width=\"1024\" height=\"1024\" class=\"rev-slidebg tp-rs-img rs-lazyload\" data-lazyload=\"\/\/teinar.is\/wp-content\/uploads\/2018\/01\/Axel-lagf\u00e6rt2-1024x1024.jpg\" data-parallax=\"off\" data-no-retina>\n<!---->\t\t\t\t\t<\/rs-slide>\n\t\t\t\t\t\t<rs-slide style=\"position: absolute;\" data-key=\"rs-14\" data-title=\"Slide\" data-thumb=\"\/\/teinar.is\/wp-content\/uploads\/2018\/01\/L\u00edsandra-T\u00fdra-lagf\u00e6rt-2-1024x1024-100x50.jpg\" data-anim=\"adpr:false;\">\n\t\t\t\t\t\t\t<img decoding=\"async\" src=\"\/\/teinar.is\/wp-content\/plugins\/revslider\/sr6\/assets\/assets\/dummy.png\" alt=\"\" title=\"L\u00edsandra T\u00fdra lagf\u00e6rt (2)\" width=\"1024\" height=\"1024\" class=\"rev-slidebg tp-rs-img rs-lazyload\" data-lazyload=\"\/\/teinar.is\/wp-content\/uploads\/2018\/01\/L\u00edsandra-T\u00fdra-lagf\u00e6rt-2-1024x1024.jpg\" data-bg=\"p:center bottom;\" data-parallax=\"off\" data-no-retina>\n<!---->\t\t\t\t\t<\/rs-slide>\n\t\t\t\t\t\t<rs-slide style=\"position: absolute;\" data-key=\"rs-18\" data-title=\"Slide\" data-thumb=\"\/\/teinar.is\/wp-content\/uploads\/2019\/03\/Photo-20-03-2019-15-12-24-2-300x300-100x50.jpg\" data-anim=\"adpr:false;\">\n\t\t\t\t\t\t\t<img decoding=\"async\" src=\"\/\/teinar.is\/wp-content\/plugins\/revslider\/sr6\/assets\/assets\/dummy.png\" alt=\"\" title=\"Photo 20-03-2019, 15 12 24 (2)\" width=\"300\" height=\"300\" class=\"rev-slidebg tp-rs-img rs-lazyload\" data-lazyload=\"\/\/teinar.is\/wp-content\/uploads\/2019\/03\/Photo-20-03-2019-15-12-24-2-300x300.jpg\" data-parallax=\"off\" data-no-retina>\n<!---->\t\t\t\t\t<\/rs-slide>\n\t\t\t\t\t<\/rs-slides>\n\t\t\t\t<\/rs-module>\n\t\t\t\t<script>\n\t\t\t\t\tsetREVStartSize({c: 'rev_slider_3_1',rl:[1240,1024,778,480],el:[],gw:[400],gh:[300],type:'standard',justify:'',layout:'fullwidth',thumbh:\"100\",mh:\"0\"});if (window.RS_MODULES!==undefined && window.RS_MODULES.modules!==undefined && window.RS_MODULES.modules[\"revslider31\"]!==undefined) {window.RS_MODULES.modules[\"revslider31\"].once = false;window.revapi3 = undefined;if (window.RS_MODULES.checkMinimal!==undefined) window.RS_MODULES.checkMinimal()}\n\t\t\t\t<\/script>\n\t\t\t<\/rs-module-wrap>\n\t\t\t<!-- END REVOLUTION SLIDER -->\n\n<\/section><\/section><\/div><div class='grid-col grid-col-4'><section class='cws-widget'><section class='cws_widget_content'>\n<p style=\"text-align: left;\"><i class='featured_icon f-left icon_frame fa fa-user-md fa-4x'><\/i>\n<h2><a title=\"Services\" href=\"\/starfsfolk\/\">Staff<\/a><\/h2>\n<p>G\u00edsli is the only dentist in the surgery and six female employees work with him.<\/p>\n<p><img loading=\"lazy\" decoding=\"async\" class=\"alignleft wp-image-3797 size-full\" src=\"https:\/\/teinar.is\/wp-content\/uploads\/2025\/11\/starfsfolk_400.jpg\" alt=\"\" width=\"400\" height=\"267\" vspace=\"20px;\" srcset=\"https:\/\/teinar.is\/wp-content\/uploads\/2025\/11\/starfsfolk_400.jpg 400w, https:\/\/teinar.is\/wp-content\/uploads\/2025\/11\/starfsfolk_400-768x512.jpg 768w, https:\/\/teinar.is\/wp-content\/uploads\/2025\/11\/starfsfolk_400-100x66.jpg 100w, https:\/\/teinar.is\/wp-content\/uploads\/2025\/11\/starfsfolk_400-230x153.jpg 230w\" sizes=\"auto, (max-width: 400px) 100vw, 400px\" \/><\/p>\n<\/section><\/section><\/div><\/div>\n","protected":false},"excerpt":{"rendered":"","protected":false},"author":2,"featured_media":0,"parent":0,"menu_order":0,"comment_status":"open","ping_status":"open","template":"","meta":{"footnotes":""},"class_list":["post-3150","page","type-page","status-publish","hentry"],"_links":{"self":[{"href":"https:\/\/teinar.is\/en\/wp-json\/wp\/v2\/pages\/3150","targetHints":{"allow":["GET"]}}],"collection":[{"href":"https:\/\/teinar.is\/en\/wp-json\/wp\/v2\/pages"}],"about":[{"href":"https:\/\/teinar.is\/en\/wp-json\/wp\/v2\/types\/page"}],"author":[{"embeddable":true,"href":"https:\/\/teinar.is\/en\/wp-json\/wp\/v2\/users\/2"}],"replies":[{"embeddable":true,"href":"https:\/\/teinar.is\/en\/wp-json\/wp\/v2\/comments?post=3150"}],"version-history":[{"count":3,"href":"https:\/\/teinar.is\/en\/wp-json\/wp\/v2\/pages\/3150\/revisions"}],"predecessor-version":[{"id":3926,"href":"https:\/\/teinar.is\/en\/wp-json\/wp\/v2\/pages\/3150\/revisions\/3926"}],"wp:attachment":[{"href":"https:\/\/teinar.is\/en\/wp-json\/wp\/v2\/media?parent=3150"}],"curies":[{"name":"wp","href":"https:\/\/api.w.org\/{rel}","templated":true}]}}